{"id":510,"date":"2020-01-02T17:09:11","date_gmt":"2020-01-02T17:09:11","guid":{"rendered":"https:\/\/vonpaczkowski.de\/?page_id=510"},"modified":"2021-01-12T12:30:51","modified_gmt":"2021-01-12T12:30:51","slug":"datenschutz","status":"publish","type":"page","link":"https:\/\/vonpaczkowski.de\/?page_id=510","title":{"rendered":"Datenschutz"},"content":{"rendered":"\n<p>Name und Anschrift des Verantwortlichen: <\/p>\n\n\n\n<p>Der Verantwortliche im Sinne der EU-Datenschutz-Grundverordnung sowie sonstiger datenschutzrechtlicher Bestimmungen ist: <br>Ulrike von Paczkowski <br>Riemeisterstr. 48 <br>14169 Berlin Deutschland <br>Tel.: +49 172 99 08 555 <br>E-Mail: office@vonpaczkowski.de <br>Website: www.vonpaczkowski.de <\/p>\n\n\n\n<p><br>Ihre personenbezogenen Daten werden von uns gem\u00e4\u00df den g\u00fcltigen gesetzlichen Datenschutzvorschriften und dieser Datenschutzerkl\u00e4rung behandelt. Personenbezogene Daten sind Informationen, die dazu genutzt werden k\u00f6nnen, um Ihre Identit\u00e4t zu erfahren, wie beispielsweise Ihr richtiger Name, Ihre Adresse oder Ihre Telefonnummer. Wenn Sie unsere Seite ansehen und benutzen, ohne sich zu registrieren oder uns anderweitig ausdr\u00fccklich Informationen zu \u00fcbermitteln, verarbeiten wir die Daten, die uns mit jeder Anfrage Ihres Browsers \u00fcbermittelt werden (siehe unten \u201eProtokoll-Daten). Sofern Sie uns ausdr\u00fccklich personenbezogene Daten \u00fcbermitteln (z.B. \u00fcber unser Kontaktformular), erfolgt dies ausschlie\u00dflich zweckgebunden an die Anfrage bzw. den jeweiligen Auftrag. Wir weisen Sie darauf hin, dass die Daten\u00fcbertragung im Internet nie vollst\u00e4ndig gegen einen Zugriff durch Dritte gesch\u00fctzt werden kann. Nachfolgend m\u00f6chten wir Ihnen n\u00e4her erl\u00e4utern, welche Daten wir wann und zu welchem Zweck verarbeiten. Es wird erkl\u00e4rt, wie unsere angebotenen Dienste arbeiten und wie hierbei der Schutz Ihrer personenbezogenen Daten gew\u00e4hrleistet wird. Rechtsgrundlage f\u00fcr die Verarbeitung personenbezogener Daten Sofern wir f\u00fcr Verarbeitungsprozesse personenbezogener Daten eine Einwilligung der betroffenen Person einholen, dient Art. 6 Abs. 1 lit. a DSGVO als Rechtsgrundlage. F\u00fcr die Verarbeitung von personenbezogenen Daten, die zur Erf\u00fcllung eines Vertrages, dessen Vertragspartei die betroffene Person ist, erforderlich ist, dient Art. 6 Abs. 1 lit. b DSGVO als Rechtsgrundlage. Dies gilt auch f\u00fcr Verarbeitungsvorg\u00e4nge, die zur Durchf\u00fchrung vorvertraglicher Ma\u00dfnahmen erforderlich sind. Sofern eine Verarbeitung personenbezogener Daten zur Erf\u00fcllung einer rechtlichen Verpflichtung erforderlich ist, der unser Unternehmen unterliegt, dient Art. 6 Abs. 1 lit. c DSGVO als Rechtsgrundlage. F\u00fcr den Fall, dass lebenswichtige Interessen der betroffenen Person oder einer anderen nat\u00fcrlichen Person eine Verarbeitung personenbezogener Daten erforderlich machen, dient Art. 6 Abs. 1 lit. d DSGVO als Rechtsgrundlage. Ist die Verarbeitung zur Wahrung eines berechtigten Interesses unseres Unternehmens oder eines Dritten erforderlich und \u00fcberwiegen die Interessen, Grundrechte und Grundfreiheiten des Betroffenen das erstgenannte Interesse nicht, so dient Art. 6 Abs. 1 lit. f DSGVO als Rechtsgrundlage f\u00fcr die Datenverarbeitung. Datenl\u00f6schung und Speicherdauer Die personenbezogenen Daten der betroffenen Person werden gel\u00f6scht, sobald der Zweck der Speicherung entf\u00e4llt. Eine Speicherung kann dar\u00fcber hinaus erfolgen, wenn dies durch europ\u00e4ische oder nationale Gesetze oder sonstigen Vorschriften, denen der Verantwortliche unterliegt, vorgesehen wurde. Eine Sperrung oder L\u00f6schung der Daten erfolgt auch dann, wenn eine durch die genannten Vorschriften vorgeschriebene Speicherfrist abl\u00e4uft, es sei denn, dass eine Erforderlichkeit zur weiteren Speicherung der Daten f\u00fcr einen Vertragsabschluss oder eine Vertragserf\u00fcllung besteht. Ihre Rechte Sie haben ein Recht auf unentgeltliche Auskunft \u00fcber die bei uns zu Ihrer Person gespeicherten Daten sowie ggf. ein Recht auf Berichtigung, Einschr\u00e4nkung der Verarbeitung oder L\u00f6schung dieser Daten. Ebenfalls haben Sie das Recht auf Daten\u00fcbertragbarkeit. Schlie\u00dflich haben Sie auch das Recht, sich \u00fcber die Verarbeitung Ihrer pers\u00f6nlichen Daten durch uns bei der Datenschutz-Aufsichtsbeh\u00f6rde zu beschweren. Wir weisen Sie zudem darauf hin, dass Sie der k\u00fcnftigen Verarbeitung Ihrer personenbezogenen Daten entsprechend den gesetzlichen Vorgaben gem. Art. 21 DSGVO zu jeder Zeit widersprechen k\u00f6nnen. Der Widerspruch kann insbesondere gegen die Verarbeitung f\u00fcr Zwecke der Direktwerbung erfolgen. Erteilung von Ausk\u00fcnften Bei Fragen zur Erhebung, Verarbeitung oder Nutzung Ihrer personenbezogenen Daten, f\u00fcr Ausk\u00fcnfte, f\u00fcr die Berichtigung, Sperrung oder L\u00f6schung von Daten sowie zum Widerruf ggf. erteilter Einwilligungen oder zum Widerspruch gegen eine bestimmte Datenverwendung wenden Sie sich bitte unter Verwendung der folgenden E-Mail-Adresse an uns: office@vonpaczkowski.de Protokoll-Daten Die automatische Erhebung und Speicherung von Protokoll-Daten durch den Anbieter der Internetdienste (Provider) erfolgt, weil die Verarbeitung dieser Daten technisch erforderlich ist, um Ihnen unsere Internetseite anzuzeigen sowie die Stabilit\u00e4t und Sicherheit zu gew\u00e4hrleisten. Die Protokoll-Daten umfassen folgende Informationen: \u2022 Datum und Uhrzeit der jeweiligen Anfrage \u2022 Internetadresse (URL), die angefragt wurde \u2022 URL, die der Besucher unmittelbar zuvor besucht hat \u2022 Verwendeter Browser und Sprache \u2022 Verwendetes Betriebssystem und dessen Oberfl\u00e4che \u2022 IP-Adresse (anonymisiert) und Hostname des Besuchers \u2022 Zugriffsstatus \/ http-Statuscode Jeweils \u00fcbertragenen Datenmenge Die \u00dcbermittlung dieser Daten an uns erfolgt automatisch und k\u00f6nnen Ihrer Person mit verh\u00e4ltnism\u00e4\u00dfigen Aufwand nicht zugeordnet werden. Rechtsgrundlage der Verarbeitung dieser Daten ist unser berechtigtes Interesse gem\u00e4\u00df Art. 6 Absatz 1 Satz 1 lit. f DSGVO, denn diese Datenverarbeitungen sind zum Betrieb und zur Anzeige der Webseite notwendig. Die Daten werden gel\u00f6scht, sobald sie f\u00fcr die Erreichung des Zweckes ihrer Erhebung nicht mehr erforderlich sind. Im Falle der Erfassung der Daten zur Bereitstellung der Website ist dies der Fall, wenn die jeweilige Sitzung beendet ist. Die Erfassung der Daten zur Bereitstellung der Website und die Speicherung der Daten in Logfiles ist f\u00fcr den Betrieb der Internetseite zwingend erforderlich. Es besteht folglich seitens des Nutzers keine Widerspruchsm\u00f6glichkeit. Cookies Um den Besuch unserer Website attraktiv zu gestalten und die Nutzung bestimmter Funktionen zu erm\u00f6glichen, verwenden wir sogenannte Cookies. Hierbei handelt es sich um kleine Textdateien, die auf Ihrem Endger\u00e4t gespeichert werden und die bestimmte Informationen zum Austausch mit unserem System speichern. Rechtsgrundlage der Verarbeitung dieser Daten ist Art. 6 Absatz 1 Satz 1 lit. f DSGVO. Einige der von uns verwendeten Cookies werden nach Ende der Browser-Sitzung, also nach Schlie\u00dfen des Browsers, wieder gel\u00f6scht (transient Cookies). Zu diesen z\u00e4hlen insbesondere Sitzungs- oder Session-Cookies. Diese speichern einen eindeutigen Bezeichner (Session-ID). Durch diese Session-ID k\u00f6nnen verschiedene Anfragen Ihres Browsers einer gemeinsamen Sitzung zugeordnet werden. Hierdurch kann Ihr Endger\u00e4t wiedererkannt werden, wenn w\u00e4hrend einer Sitzung auf unsere Internetseite zur\u00fcckkehren. Session-Cookies werden auch schon dann gel\u00f6scht, wenn Sie sich ausloggen. Andere Cookies verbleiben f\u00fcr eine vorgegebene Dauer auf Ihrem Endger\u00e4t und erm\u00f6glichen uns, Ihren Browser bzw. Ihr Endger\u00e4t beim n\u00e4chsten Besuch wiederzuerkennen (persistente Cookies). Bitte beachten Sie, dass bestimmte Cookies bereits gesetzt werden, sobald Sie unsere Website betreten. Sie k\u00f6nnen Ihren Browser so einstellen, dass Sie \u00fcber das Setzen von Cookies informiert werden und einzeln \u00fcber deren Annahme entscheiden oder die Annahme von Cookies f\u00fcr bestimmte F\u00e4lle, insbesondere Cookies von Drittanbietern (Third Party Cookies) oder generell ausschlie\u00dfen k\u00f6nnen. Bei der Nichtannahme von Cookies kann die Funktionalit\u00e4t unserer Website f\u00fcr Sie eingeschr\u00e4nkt sein. Konfiguration der Cookie-Einstellungen im Browser Sie haben die M\u00f6glichkeit, das Abspeichern von Cookies auf Ihrem Rechner durch entsprechende Browsereinstellungen zu verhindern. Jeder Browser unterscheidet sich in der Art, wie er die Cookie-Einstellungen verwaltet. Diese ist in dem Hilfemen\u00fc jedes Browsers beschrieben, welches Ihnen erl\u00e4utert, wie Sie Ihre Cookie-Einstellungen \u00e4ndern k\u00f6nnen. Diese finden Sie f\u00fcr die jeweiligen Browser unter den folgenden Links: Internet Explorer\u2122: http:\/\/windows.microsoft.com\/de-DE\/windows-vista\/Block-or-allow-cookies Safari\u2122: http:\/\/apple-safari.giga.de\/tipps\/cookies-in-safari-aktivieren-blockieren-loeschen-so-geht-s\/ und https:\/\/support.apple.com\/de-de Chrome\u2122: http:\/\/support.google.com\/chrome\/bin\/answer.py?hl=de&amp;hlrm=en&amp;answer=95647 Firefox\u2122: https:\/\/support.mozilla.org\/de\/kb\/cookies-erlauben-und-ablehnen Opera\u2122: https:\/\/help.opera.com\/en\/latest\/web-preferences\/ Verschl\u00fcsselung durch SSL Aus Sicherheitsgr\u00fcnden benutzt unsere Website eine SSL-Verschl\u00fcsselung (Secure Sockets Layer). Damit werden \u00fcbertragene Daten gesch\u00fctzt und k\u00f6nnen nicht von Dritten gelesen werden. Sie k\u00f6nnen eine erfolgreiche Verschl\u00fcsselung daran erkennen, dass sich die Protokollbezeichnung im der Statusleiste des Browsers von \u201chttp:\/\/\u201d in \u201chttps:\/\/\u201d \u00e4ndert und dass dort ein geschlossenes Schloss-Symbol sichtbar ist. Ihre IP-Adresse wird nach einer Woche gel\u00f6scht. Die Speicherung der IP-Adresse ist f\u00fcr uns erforderlich, um uns gegen Haftungsanspr\u00fcche Dritter verteidigen zu k\u00f6nnen, wenn m\u00f6gliche Ver\u00f6ffentlichungen in den Kommentaren widerrechtliche Inhalte darstellen. Ihre E-Mail-Adresse ben\u00f6tigen wir, um mit Ihnen Kontakt aufnehmen zu k\u00f6nnen, falls Dritte Ihre Kommentare als rechtswidrig beanstanden. Rechtsgrundlagen sind Art. 6 Absatz 1 lit. b und f DSGVO. Im Zusammenhang mit Ihrer Benutzung dieser Webseite erfolgt in der Regel eine \u00dcbertragung, Speicherung und ggf. weitere Verarbeitung der Daten an einen Server von Google in den USA (Google LLC 1600 Amphitheatre Parkway Mountain View, CA 94043. USA). Die USA gelten laut DSGVO als Drittstaat mit unsicherem Datenschutzniveau. Wir haben zum Schutz Ihrer personenbezogenen Daten einen Vertrag zur Auftragsverarbeitung gem\u00e4\u00df Art. 28 DSGVO mit Google abgeschlossen. Weitere Informationen \u00fcber Google finden Sie hier: \u00dcbersicht zum Datenschutz: http:\/\/www.google.com\/intl\/de\/analytics\/learn\/privacy.html, sowie die Datenschutzerkl\u00e4rung: http:\/\/www.google.de\/intl\/de\/policies\/privacy. \u00dcber die weitere Art der Verarbeitung sowie \u00fcber die Dauer der Speicherung der Daten haben wir keine Kenntnis. Wir k\u00f6nnen nicht ausschlie\u00dfen, dass eine Daten\u00fcbertragung in die USA erfolgt, die in der DSGVO als Drittstaat mit unsicherem Datenschutzniveau gelten. Weitere Informationen zur Datennutzung durch Amazon erhalten Sie in der Datenschutzerkl\u00e4rung von Amazon: https:\/\/www.amazon.de\/gp\/help\/customer\/display.html\/ref=footer_privacy?ie=UTF8&amp;nodeId=3312401. Verschl\u00fcsselung mit RSA Wir nutzen die RSA-Technologie zur Verschl\u00fcsselung. Bei RSA handelt es sich um einen Algorithmus zur Verschl\u00fcsselung unter Verwendung eines privaten und eines \u00f6ffentlichen Schl\u00fcssels. Hierbei dient der \u00f6ffentliche Schl\u00fcssel zur Verschl\u00fcsselung von Daten, bevor diese an den Server gesendet werden, auf dem ein entsprechendes Zertifikat abgelegt ist. Dieser \u00f6ffentliche Schl\u00fcssel wird jedem Internet-Nutzer \u00fcbermittelt, der eine Verbindung zu der betreffenden Webseite herstellen m\u00f6chte. Der gemeinsam mit dem CSR erstellte private Schl\u00fcssel dient zur Entschl\u00fcsselung der mithilfe des \u00f6ffentlichen Schl\u00fcssels verschl\u00fcsselten Daten. Der private Schl\u00fcssel sollte keiner dritten Person zug\u00e4nglich gemacht werden \u2013 denn Ihre SSL-Sicherheit h\u00e4ngt davon ab. System- und Informationssicherheit Wir sichern unsere Website und unsere sonstigen Systeme durch technische und organisatorische Ma\u00dfnahmen gegen Verlust, Zerst\u00f6rung, Zugriff, Ver\u00e4nderung oder Verbreitung der gespeicherten Daten durch unbefugte Personen. Trotz Kontrollen ist ein vollst\u00e4ndiger Schutz gegen alle Gefahren jedoch nicht m\u00f6glich. Schon alleine durch die Anbindung an das Internet und die sich daraus ergebenden technischen M\u00f6glichkeiten kann keine Gew\u00e4hr daf\u00fcr \u00fcbernommen werden, dass Inhalte und der Informationsfluss nicht von Dritten eingesehen und aufgezeichnet werden. Widerspruch gegen unerlaubte Werbung per E-Mail Im Rahmen der Impressumspflicht gem\u00e4\u00df \u00a7 5 TMG haben wir auf unserer Website allgemeine Kontaktdaten sowie eine E-Mail-Adresse ver\u00f6ffentlicht. Wir widersprechen hiermit der Nutzung dieser Kontaktdaten f\u00fcr die unaufgeforderte \u00dcbersendung von Informationsmaterialien, Werbung oder Spam-Mails, die wir nicht explizit angefordert haben. <\/p>\n\n\n\n<p>Stand der Datenschutzerkl\u00e4rung: 22.5.2018.<\/p>\n\n\n\n<p>Diese Datenschutzerkl\u00e4rung wurde erstellt \u00fcber www.lawlikes.de <\/p>\n","protected":false},"excerpt":{"rendered":"<p>Name und Anschrift des Verantwortlichen: Der Verantwortliche im Sinne der EU-Datenschutz-Grundverordnung sowie sonstiger datenschutzrechtlicher Bestimmungen ist: Ulrike von Paczkowski Riemeisterstr. 48 14169 Berlin Deutschland Tel.: +49 172 99 08 555 E-Mail: office@vonpaczkowski.de Website: www.vonpaczkowski.de Ihre personenbezogenen Daten werden von uns gem\u00e4\u00df den g\u00fcltigen gesetzlichen Datenschutzvorschriften und dieser Datenschutzerkl\u00e4rung behandelt. Personenbezogene Daten sind Informationen, die dazu [&hellip;]<\/p>\n","protected":false},"author":1,"featured_media":0,"parent":0,"menu_order":0,"comment_status":"closed","ping_status":"closed","template":"","meta":{"footnotes":""},"_links":{"self":[{"href":"https:\/\/vonpaczkowski.de\/index.php?rest_route=\/wp\/v2\/pages\/510"}],"collection":[{"href":"https:\/\/vonpaczkowski.de\/index.php?rest_route=\/wp\/v2\/pages"}],"about":[{"href":"https:\/\/vonpaczkowski.de\/index.php?rest_route=\/wp\/v2\/types\/page"}],"author":[{"embeddable":true,"href":"https:\/\/vonpaczkowski.de\/index.php?rest_route=\/wp\/v2\/users\/1"}],"replies":[{"embeddable":true,"href":"https:\/\/vonpaczkowski.de\/index.php?rest_route=%2Fwp%2Fv2%2Fcomments&post=510"}],"version-history":[{"count":3,"href":"https:\/\/vonpaczkowski.de\/index.php?rest_route=\/wp\/v2\/pages\/510\/revisions"}],"predecessor-version":[{"id":833,"href":"https:\/\/vonpaczkowski.de\/index.php?rest_route=\/wp\/v2\/pages\/510\/revisions\/833"}],"wp:attachment":[{"href":"https:\/\/vonpaczkowski.de\/index.php?rest_route=%2Fwp%2Fv2%2Fmedia&parent=510"}],"curies":[{"name":"wp","href":"https:\/\/api.w.org\/{rel}","templated":true}]}}